{"id":15,"date":"2015-03-04T19:19:50","date_gmt":"2015-03-04T17:19:50","guid":{"rendered":"http:\/\/archers-athis-mons.fr\/?page_id=15"},"modified":"2021-07-08T19:26:57","modified_gmt":"2021-07-08T17:26:57","slug":"les-installations","status":"publish","type":"page","link":"https:\/\/archers-athis-mons.fr\/?page_id=15","title":{"rendered":"Les installations"},"content":{"rendered":"<p>Gymnase Carpentier<br \/>\nAvenue de la terrasse prolong\u00e9e<br \/>\n91200 Athis-Mons<\/p>\n<p><em>(face au Lyc\u00e9e Marcel Pagnol)<\/em><\/p>\n<style type=\"text\/css\">#map_1 {clear: both; padding: 0px; margin: 0px; border: 0px; width: 100%; height: 100%; margin-top:0px; margin-right:0px;margin-left:0px; margin-bottom:0px; left: 0px; border-radius:0px;\nbox-shadow: none;}#map_1 img{clear: both; padding: 0px; margin: 0px; border: 0px; width: 100%; height: 100%; position: absolute; margin-top:0px; margin-right:0px;margin-left:0px; margin-bottom:0px; border-radius:0px;\nbox-shadow: none;}<\/style><div id=\"map_1\" class=\"OSM_Map\" style=\"width:100%; height:450px; overflow:hidden;padding:0px;border:none;\"><script type=\"text\/javascript\">\/* <![CDATA[ *\/(function($) { OpenLayers.ImgPath = \"https:\/\/archers-athis-mons.fr\/wp-content\/plugins\/osm\/themes\/ol\/\"; map_1 = new OpenLayers.Map (\"map_1\", {            controls:[              new OpenLayers.Control.Navigation(),              new OpenLayers.Control.PanZoom(),              new OpenLayers.Control.Attribution()              ],          maxExtent: new OpenLayers.Bounds(-20037508.34,-20037508.34,20037508.34,20037508.34),          maxResolution: 156543.0399,          numZoomLevels: 19,          units: \"m\",          projection: new OpenLayers.Projection(\"EPSG:900913\"),          displayProjection: new OpenLayers.Projection(\"EPSG:4326\")      } );var layerMapnik = new OpenLayers.Layer.OSM.Mapnik(\"Mapnik\");var layerCycle  = new OpenLayers.Layer.OSM.CycleMap(\"CycleMap\");map_1.addLayers([layerMapnik, layerCycle]);map_1.addControl(new OpenLayers.Control.LayerSwitcher());var lonLat = new OpenLayers.LonLat(2.378,48.698).transform(map_1.displayProjection, map_1.projection);map_1.setCenter (lonLat,17);var MarkerLayer = new OpenLayers.Layer.Markers(\"Marker\");map_1.addLayer(MarkerLayer);\n      function osm_map_1MarkerPopUpClick(a_evt){\n        if (this.popup == null){\n          this.popup = this.createPopup(this.closeBox);\n          map_1.addPopup(this.popup);\n          this.popup.show();\n        }\n        else{\n          for (var i = 0; i < map_1.popups.length; i++){\n          map_1.popups[i].hide();\n          }\n          this.popup.toggle();\n        }\n        OpenLayers.Event.stop(a_evt);\n      }\n    var map_1IconArray = [];var Mdata = {};\n        Mdata.icon = new OpenLayers.Icon(\"https:\/\/archers-athis-mons.fr\/wp-content\/plugins\/osm\/icons\/wpttemp-red.png\",\n          new OpenLayers.Size(24,24),\n          new OpenLayers.Pixel(0, -24));map_1IconArray.push(Mdata);var ll = new OpenLayers.LonLat(2.37901,48.69808).transform(map_1.displayProjection, map_1.projection);var feature = new OpenLayers.Feature(MarkerLayer, ll, map_1IconArray[0]);feature.closeBox = true;feature.popupClass = OpenLayers.Class(OpenLayers.Popup.FramedCloud, {\"autoSize\": true, minSize: new OpenLayers.Size(150,150),\"keepInMap\": true } );feature.data.popupContentHTML = \"\";feature.data.overflow = \"hidden\";var marker = new OpenLayers.Marker(ll,map_1IconArray[0].icon.clone());marker.feature = feature;MarkerLayer.addMarker(marker);var lonLat = new OpenLayers.LonLat(2.378,48.698).transform(map_1.displayProjection, map_1.projection);map_1.setCenter (lonLat,17);})(jQuery)\/* ]]> *\/ <\/script><\/div>\n<h3>Tir en salle<\/h3>\n<p>Grande Salle<br \/>\nSalle Brigat <em>(salle du sous-sol)<\/em><\/p>\n<h4>Entrainement dirig\u00e9 <em>(salle Brigat)<\/em><\/h4>\n<p>Pas d&rsquo;entrainement les mercredis et samedis pendant les vacances scolaires.<\/p>\n<ul>\n<li>mardi: 20h00 &#8211; 22h30<\/li>\n<\/ul>\n<h4>Entrainements libres<\/h4>\n<p>Archers poss\u00e9dant la fl\u00e8che bleue et leur mat\u00e9riel (distance minimum de 18 M)<\/p>\n<ul>\n<li>mardi: 17h30 &#8211; 20h00 &#8211;\u00a0salle Brigat<\/li>\n<li>mercredi: 18h00 &#8211; 20h00 &#8211; salle Brigat<\/li>\n<li>mercredi: 20h30 &#8211; 22h30 &#8211; Grande salle<\/li>\n<li>jeudi: 20h30 &#8211; 22h30 &#8211; salle Brigat<\/li>\n<li>samedi: 10h00 &#8211; 12h00 &#8211; salle Brigat<\/li>\n<\/ul>\n<h3>Terrain<\/h3>\n<ul>\n<li>3 cibles \u00e0 30 M,<\/li>\n<li>3 cibles \u00e0 50 M<\/li>\n<li>1 cible \u00e0 70 M<\/li>\n<\/ul>\n<p>Horaires : tous les jours. Acc\u00e8s libre pour les tireurs confirm\u00e9s et les jeunes sous la responsabilit\u00e9 d\u2019un adulte.<\/p>\n<h3>Parcours<\/h3>\n<p>20 cibles <em>Campagne<\/em> et 5 cibles <em>3D<\/em> sur un parcours de plus de 800 m<\/p>\n","protected":false},"excerpt":{"rendered":"<p>Gymnase Carpentier Avenue de la terrasse prolong\u00e9e 91200 Athis-Mons (face au Lyc\u00e9e Marcel Pagnol) Tir en salle Grande Salle Salle Brigat (salle du sous-sol) Entrainement dirig\u00e9 (salle Brigat) Pas d&rsquo;entrainement les mercredis et samedis pendant les vacances scolaires. mardi: 20h00 &#8211; 22h30 Entrainements libres Archers poss\u00e9dant la fl\u00e8che bleue et leur mat\u00e9riel (distance minimum de [&hellip;]<\/p>\n","protected":false},"author":2,"featured_media":0,"parent":53,"menu_order":2,"comment_status":"closed","ping_status":"closed","template":"","meta":{"footnotes":""},"class_list":["post-15","page","type-page","status-publish","hentry"],"_links":{"self":[{"href":"https:\/\/archers-athis-mons.fr\/index.php?rest_route=\/wp\/v2\/pages\/15","targetHints":{"allow":["GET"]}}],"collection":[{"href":"https:\/\/archers-athis-mons.fr\/index.php?rest_route=\/wp\/v2\/pages"}],"about":[{"href":"https:\/\/archers-athis-mons.fr\/index.php?rest_route=\/wp\/v2\/types\/page"}],"author":[{"embeddable":true,"href":"https:\/\/archers-athis-mons.fr\/index.php?rest_route=\/wp\/v2\/users\/2"}],"replies":[{"embeddable":true,"href":"https:\/\/archers-athis-mons.fr\/index.php?rest_route=%2Fwp%2Fv2%2Fcomments&post=15"}],"version-history":[{"count":26,"href":"https:\/\/archers-athis-mons.fr\/index.php?rest_route=\/wp\/v2\/pages\/15\/revisions"}],"predecessor-version":[{"id":734,"href":"https:\/\/archers-athis-mons.fr\/index.php?rest_route=\/wp\/v2\/pages\/15\/revisions\/734"}],"up":[{"embeddable":true,"href":"https:\/\/archers-athis-mons.fr\/index.php?rest_route=\/wp\/v2\/pages\/53"}],"wp:attachment":[{"href":"https:\/\/archers-athis-mons.fr\/index.php?rest_route=%2Fwp%2Fv2%2Fmedia&parent=15"}],"curies":[{"name":"wp","href":"https:\/\/api.w.org\/{rel}","templated":true}]}}