{"id":42,"date":"2015-03-05T14:49:07","date_gmt":"2015-03-05T13:49:07","guid":{"rendered":"http:\/\/archers-athis-mons.fr\/?page_id=42"},"modified":"2021-07-05T16:58:34","modified_gmt":"2021-07-05T14:58:34","slug":"les-liens-utiles","status":"publish","type":"page","link":"https:\/\/archers-athis-mons.fr\/?page_id=42","title":{"rendered":"Les liens utiles"},"content":{"rendered":"<p>Cette liste n&rsquo;est pas exhaustive, et sera compl\u00e9t\u00e9e au fil du temps.<\/p>\n<h4>La f\u00e9d\u00e9ration et autres d\u00e9riv\u00e9s<\/h4>\n<ul>\n<li>F\u00e9d\u00e9ration\u00a0Fran\u00e7aise\u00a0<a href=\"https:\/\/www.ffta.fr\">FFTA<\/a><\/li>\n<li>F\u00e9d\u00e9ration internationale <a href=\"https:\/\/worldarchery.sport\/fr\">World Archery<\/a><\/li>\n<li><a href=\"http:\/\/www.tiralarcidf.com\/\" target=\"_blank\" rel=\"noopener\">le comit\u00e9 Ile de France<\/a><\/li>\n<li><a href=\"http:\/\/www.archers91.fr\" target=\"_blank\" rel=\"noopener\">le comit\u00e9 d\u00e9partemental Essonne<\/a><\/li>\n<\/ul>\n<h4>les boutiques en vrai<\/h4>\n<ul>\n<li><a href=\"http:\/\/www.francearcherie.com\" target=\"_blank\" rel=\"noopener\">France Archerie<\/a>\u00a0Paris\u00a0<em>(vente en ligne aussi)<\/em><\/li>\n<li><a href=\"http:\/\/www.goldarchery.fr\" target=\"_blank\" rel=\"noopener\">Gold Archery<\/a> Antony\u00a0<em>(vente en ligne aussi)<\/em><\/li>\n<li><a href=\"http:\/\/www.archerie-wuilbaut.com\" target=\"_blank\" rel=\"noopener\">Wuilbaut Archerie<\/a>\u00a0<em>(vente en ligne aussi)<\/em><\/li>\n<li><a href=\"http:\/\/www.dianearcherie.fr\" target=\"_blank\" rel=\"noopener\">Diane Archerie<\/a><\/li>\n<\/ul>\n<h4>les boutiques internet<\/h4>\n<ul>\n<li><a href=\"http:\/\/www.placedusport2.com\/\" target=\"_blank\" rel=\"noopener\">Place\u00a0du sport<\/a>\u00a0(mat\u00e9riel d&rsquo;occasion)<\/li>\n<\/ul>\n<h4>les fabricants<\/h4>\n<ul>\n<li><a href=\"http:\/\/www.carbonexpressarrows.com\" target=\"_blank\" rel=\"noopener\">Carbon Express<\/a><\/li>\n<li><a href=\"http:\/\/www.eastonarchery.com\" target=\"_blank\" rel=\"noopener\">Easton<\/a><\/li>\n<li><a href=\"http:\/\/www.hoyt.com\" target=\"_blank\" rel=\"noopener\">Hoyt<\/a><\/li>\n<li><a href=\"http:\/\/www.uukha.com\/fr\/accueil-fr.php\" target=\"_blank\" rel=\"noopener\">uukha<\/a><\/li>\n<li><a href=\"http:\/\/win-archery.com\/fr\/\" target=\"_blank\" rel=\"noopener\">Win&amp;Win<\/a><\/li>\n<\/ul>\n<h4>Forums &amp; autres<\/h4>\n<ul>\n<li><a href=\"http:\/\/www.webarcherie.com\" target=\"_blank\" rel=\"noopener\">Webarcherie<\/a>\u00a0(forums, annonces)<\/li>\n<\/ul>\n","protected":false},"excerpt":{"rendered":"<p>Cette liste n&rsquo;est pas exhaustive, et sera compl\u00e9t\u00e9e au fil du temps. La f\u00e9d\u00e9ration et autres d\u00e9riv\u00e9s F\u00e9d\u00e9ration\u00a0Fran\u00e7aise\u00a0FFTA F\u00e9d\u00e9ration internationale World Archery le comit\u00e9 Ile de France le comit\u00e9 d\u00e9partemental Essonne les boutiques en vrai France Archerie\u00a0Paris\u00a0(vente en ligne aussi) Gold Archery Antony\u00a0(vente en ligne aussi) Wuilbaut Archerie\u00a0(vente en ligne aussi) Diane Archerie les boutiques [&hellip;]<\/p>\n","protected":false},"author":2,"featured_media":0,"parent":0,"menu_order":0,"comment_status":"closed","ping_status":"closed","template":"","meta":{"footnotes":""},"class_list":["post-42","page","type-page","status-publish","hentry"],"_links":{"self":[{"href":"https:\/\/archers-athis-mons.fr\/index.php?rest_route=\/wp\/v2\/pages\/42","targetHints":{"allow":["GET"]}}],"collection":[{"href":"https:\/\/archers-athis-mons.fr\/index.php?rest_route=\/wp\/v2\/pages"}],"about":[{"href":"https:\/\/archers-athis-mons.fr\/index.php?rest_route=\/wp\/v2\/types\/page"}],"author":[{"embeddable":true,"href":"https:\/\/archers-athis-mons.fr\/index.php?rest_route=\/wp\/v2\/users\/2"}],"replies":[{"embeddable":true,"href":"https:\/\/archers-athis-mons.fr\/index.php?rest_route=%2Fwp%2Fv2%2Fcomments&post=42"}],"version-history":[{"count":11,"href":"https:\/\/archers-athis-mons.fr\/index.php?rest_route=\/wp\/v2\/pages\/42\/revisions"}],"predecessor-version":[{"id":732,"href":"https:\/\/archers-athis-mons.fr\/index.php?rest_route=\/wp\/v2\/pages\/42\/revisions\/732"}],"wp:attachment":[{"href":"https:\/\/archers-athis-mons.fr\/index.php?rest_route=%2Fwp%2Fv2%2Fmedia&parent=42"}],"curies":[{"name":"wp","href":"https:\/\/api.w.org\/{rel}","templated":true}]}}