{"id":57,"date":"2015-03-05T16:41:01","date_gmt":"2015-03-05T14:41:01","guid":{"rendered":"http:\/\/archers-athis-mons.fr\/?page_id=57"},"modified":"2025-06-25T11:41:14","modified_gmt":"2025-06-25T09:41:14","slug":"lequipe","status":"publish","type":"page","link":"https:\/\/archers-athis-mons.fr\/?page_id=57","title":{"rendered":"L&rsquo;\u00e9quipe"},"content":{"rendered":"<p><span style=\"text-decoration: underline;\">Le Bureau:<\/span><\/p>\n<ul>\n<li>Pr\u00e9sident et armurier : Bernard TAURAN<\/li>\n<li class=\"p1\">Tr\u00e9sori\u00e8re : S\u00e9verine VAUGELADE<\/li>\n<li class=\"p1\">Secr\u00e9taire : Jean-Michel SCULO<\/li>\n<li class=\"p1\">Secr\u00e9taire adjointe : Aur\u00e9lie LERAY<\/li>\n<li class=\"p1\">Responsable Ev\u00e8nementiel et aide armurier : S\u00e9bastien VAUGELADE<\/li>\n<li class=\"p1\">Tr\u00e9sorier adjoint et Porte drapeau : Julien LERAY<\/li>\n<\/ul>\n<p><span style=\"text-decoration: underline;\">Les Encadrants:<\/span><\/p>\n<ul>\n<li>Entraineur 1: Olivier LABAT<\/li>\n<li>Assistants entraineur: Aur\u00e9lie LERAY-BODART, Julien LERAY, Jean-Michel SCULO, S\u00e9bastien VAUGELADE<\/li>\n<li>Encadrants f\u00e9d\u00e9raux: Jean-Claude CHAUMETON et Daniel HADDAB<\/li>\n<\/ul>\n<div><\/div>\n","protected":false},"excerpt":{"rendered":"<p>Le Bureau: Pr\u00e9sident et armurier : Bernard TAURAN Tr\u00e9sori\u00e8re : S\u00e9verine VAUGELADE Secr\u00e9taire : Jean-Michel SCULO Secr\u00e9taire adjointe : Aur\u00e9lie LERAY Responsable Ev\u00e8nementiel et aide armurier : S\u00e9bastien VAUGELADE Tr\u00e9sorier adjoint et Porte drapeau : Julien LERAY Les Encadrants: Entraineur 1: Olivier LABAT Assistants entraineur: Aur\u00e9lie LERAY-BODART, Julien LERAY, Jean-Michel SCULO, S\u00e9bastien VAUGELADE Encadrants f\u00e9d\u00e9raux: [&hellip;]<\/p>\n","protected":false},"author":2,"featured_media":0,"parent":53,"menu_order":4,"comment_status":"closed","ping_status":"closed","template":"","meta":{"footnotes":""},"class_list":["post-57","page","type-page","status-publish","hentry"],"_links":{"self":[{"href":"https:\/\/archers-athis-mons.fr\/index.php?rest_route=\/wp\/v2\/pages\/57","targetHints":{"allow":["GET"]}}],"collection":[{"href":"https:\/\/archers-athis-mons.fr\/index.php?rest_route=\/wp\/v2\/pages"}],"about":[{"href":"https:\/\/archers-athis-mons.fr\/index.php?rest_route=\/wp\/v2\/types\/page"}],"author":[{"embeddable":true,"href":"https:\/\/archers-athis-mons.fr\/index.php?rest_route=\/wp\/v2\/users\/2"}],"replies":[{"embeddable":true,"href":"https:\/\/archers-athis-mons.fr\/index.php?rest_route=%2Fwp%2Fv2%2Fcomments&post=57"}],"version-history":[{"count":24,"href":"https:\/\/archers-athis-mons.fr\/index.php?rest_route=\/wp\/v2\/pages\/57\/revisions"}],"predecessor-version":[{"id":1009,"href":"https:\/\/archers-athis-mons.fr\/index.php?rest_route=\/wp\/v2\/pages\/57\/revisions\/1009"}],"up":[{"embeddable":true,"href":"https:\/\/archers-athis-mons.fr\/index.php?rest_route=\/wp\/v2\/pages\/53"}],"wp:attachment":[{"href":"https:\/\/archers-athis-mons.fr\/index.php?rest_route=%2Fwp%2Fv2%2Fmedia&parent=57"}],"curies":[{"name":"wp","href":"https:\/\/api.w.org\/{rel}","templated":true}]}}